{"id":132,"date":"2018-06-01T08:38:03","date_gmt":"2018-06-01T08:38:03","guid":{"rendered":"http:\/\/gabkiess.de\/?page_id=132"},"modified":"2025-05-19T13:54:47","modified_gmt":"2025-05-19T13:54:47","slug":"impressum","status":"publish","type":"page","link":"https:\/\/gabkiess.de\/?page_id=132","title":{"rendered":"Kontakt"},"content":{"rendered":"\n<p>Gab Kiess<br>Manteuffelstr. 60<br>10999 Berlin<br>mail@gabkiess.de<br>www.gabkiess.de<\/p>\n\n\n\n<p>@ gab_kiess <\/p>\n\n\n\n<p><\/p>\n\n\n\n<p>Gab Kiess, geb. in T\u00fcbingen ist Dipl. Fotodesignerin. Sie absolvierte 1999 das Studium der visuellen Kommunikation an der FH f\u00fcr Design in Dortmund mit dem Schwerpunkt Fotografie und Film. Zudem studierte sie an der Universidad des Belles Arts in Barcelona. Sie arbeitet in den Bereichen der Portraitfotografie, Medienprojekte mit Kindern und ist seit 2021 Dozentin im Photocentrum der VHS Friedrichshain-Kreuzberg, Berlin. Dort\u00a0unterrichtet sie das Druckverfahren der Cyanotypie.<\/p>\n\n\n<p>\u00a0<\/p>\n<p>\u00a0<\/p>\n<p><strong>Rechtshinweis:<\/strong><\/p>\n<p>Ich pr\u00fcfe und aktualisiere die Informationen auf meiner Website st\u00e4ndig. Trotz aller Sorgfalt k\u00f6nnen sich Daten inzwischen ver\u00e4ndert haben. Eine Haftung oder Garantie f\u00fcr die Aktualit\u00e4t, Richtigkeit und Vollst\u00e4ndigkeit der zur Verf\u00fcgung gestellten Informationen kann daher nicht \u00fcbernommen werden. Inhalt, Struktur und Erscheinungsbild der Website sind urheberrechtlich gesch\u00fctzt.<br \/>Mein Angebot enth\u00e4lt Links zu externen Webseiten Dritter, auf deren Inhalte ich keinen Einfluss habe. Deshalb kann ich f\u00fcr diese fremden Inhalte auch keine Gew\u00e4hr \u00fcbernehmen. F\u00fcr die Inhalte der verlinkten Seiten ist stets der jeweilige Anbieter oder Betreiber der Seiten verantwortlich. Die verlinkten Seiten wurden zum Zeitpunkt der Verlinkung auf m\u00f6gliche Rechtsverst\u00f6\u00dfe \u00fcberpr\u00fcft. Rechtswidrige Inhalte waren zum Zeitpunkt der Verlinkung nicht erkennbar. Eine permanente inhaltliche Kontrolle der verlinkten Seiten ist jedoch ohne konkrete Anhaltspunkte einer Rechtsverletzung nicht zumutbar. Bei Bekanntwerden von Rechtsverletzungen werde ich derartige Links umgehend entfernen.<\/p>\n<h4>Fotodesign &amp; Fotografie:<\/h4>\n<p>Gab Kiess<\/p>\n<p>Alle auf dieser Website pr\u00e4sentierten Bilder sind nach dem Urhebergesetz gesch\u00fctzt (UrhG; Teil 1 &#8211; Urheberrecht, Abschnitt 2, \u00a7\u00a7 2 ff.).\u00a0Jede Verwertung au\u00dferhalb der Grenzen des Urheberrechtsgesetzes ist ohne Zustimmung der Verfasser unzul\u00e4ssig und strafbar.<\/p>","protected":false},"excerpt":{"rendered":"<p>Gab KiessManteuffelstr. 6010999 Berlinmail@gabkiess.dewww.gabkiess.de @ gab_kiess Gab Kiess, geb. in T\u00fcbingen ist Dipl. Fotodesignerin. Sie absolvierte 1999 das Studium der visuellen Kommunikation an der FH f\u00fcr Design in Dortmund mit dem Schwerpunkt Fotografie und Film. Zudem studierte sie an der Universidad des Belles Arts in Barcelona. Sie arbeitet in den Bereichen der Portraitfotografie, Medienprojekte mit [&hellip;]<\/p>\n","protected":false},"author":1,"featured_media":0,"parent":0,"menu_order":0,"comment_status":"closed","ping_status":"closed","template":"","meta":{"footnotes":""},"class_list":["post-132","page","type-page","status-publish","hentry"],"_links":{"self":[{"href":"https:\/\/gabkiess.de\/index.php?rest_route=\/wp\/v2\/pages\/132","targetHints":{"allow":["GET"]}}],"collection":[{"href":"https:\/\/gabkiess.de\/index.php?rest_route=\/wp\/v2\/pages"}],"about":[{"href":"https:\/\/gabkiess.de\/index.php?rest_route=\/wp\/v2\/types\/page"}],"author":[{"embeddable":true,"href":"https:\/\/gabkiess.de\/index.php?rest_route=\/wp\/v2\/users\/1"}],"replies":[{"embeddable":true,"href":"https:\/\/gabkiess.de\/index.php?rest_route=%2Fwp%2Fv2%2Fcomments&post=132"}],"version-history":[{"count":8,"href":"https:\/\/gabkiess.de\/index.php?rest_route=\/wp\/v2\/pages\/132\/revisions"}],"predecessor-version":[{"id":631,"href":"https:\/\/gabkiess.de\/index.php?rest_route=\/wp\/v2\/pages\/132\/revisions\/631"}],"wp:attachment":[{"href":"https:\/\/gabkiess.de\/index.php?rest_route=%2Fwp%2Fv2%2Fmedia&parent=132"}],"curies":[{"name":"wp","href":"https:\/\/api.w.org\/{rel}","templated":true}]}}