{"id":97,"date":"2018-05-24T12:49:06","date_gmt":"2018-05-24T12:49:06","guid":{"rendered":"http:\/\/gabkiess.de\/?page_id=97"},"modified":"2022-01-18T11:21:38","modified_gmt":"2022-01-18T11:21:38","slug":"fotoreise-barcelona","status":"publish","type":"page","link":"https:\/\/gabkiess.de\/?page_id=97","title":{"rendered":"Barcelona"},"content":{"rendered":"<p>&#8222;eine fotografische Zeitreise&#8220;<\/p>\n<figure id=\"attachment_251\" aria-describedby=\"caption-attachment-251\" style=\"width: 765px\" class=\"wp-caption alignleft\"><img loading=\"lazy\" decoding=\"async\" class=\"size-full wp-image-251\" src=\"http:\/\/gabkiess.de\/wp-content\/uploads\/2018\/07\/DSC_1835-Kopie.jpg\" alt=\"\" width=\"765\" height=\"508\" srcset=\"https:\/\/gabkiess.de\/wp-content\/uploads\/2018\/07\/DSC_1835-Kopie.jpg 765w, https:\/\/gabkiess.de\/wp-content\/uploads\/2018\/07\/DSC_1835-Kopie-300x199.jpg 300w\" sizes=\"auto, (max-width: 765px) 100vw, 765px\" \/><figcaption id=\"caption-attachment-251\" class=\"wp-caption-text\">Parc Guel &#8211; Antonio Gaudi<\/figcaption><\/figure>\n<p>Barcelona, die uralte Hafenstadt und Hauptstadt Kataloniens ist Inbegriff der spanischen Kunst, Literatur und Architektur. Sie ist eine Stadt, die von den Bergen bis zum Meer reicht, nie schl\u00e4ft und alle in ihren Bann zieht mit der blumen\u00fcbers\u00e4ten Flaniermeile Las Ramblas, den hippen Boutiquen und vor allem der architektonischen Jugendstil-Sch\u00f6nheiten.<\/p>\n<div id=\"cc-m-10871890012\" class=\"j-module n j-text \">\n<pre> <strong>Termine 2022 \u00a0 \u00a0   <\/strong>         22.-27. September 2022<\/pre>\n<\/div>\n<p><strong style=\"font-size: 16px;\">was Sie auf dieser\u00a0Fotoreise erwartet: \u00a0 \u00a0 \u00a0<\/strong><span style=\"font-size: 16px;\">eine komprimierte, fotografische\u00a0Woche mit der Schulung des eigenen Sehens und dem sicheren Umgang mit der eigenen Fotokamera \u00a0&#8211; eine kleine Reisegruppe von 2-6 Personen, f\u00fcr Anf\u00e4ngerinnen sowie Fortgeschrittene &#8211; eine \u00a0typisch- mediterrane Wohnung mit kleinem Balkon \u00a0im charmanten Stadtteil Gracia. oder\u00a0Hotelbuchungen ! \u00a0 \u00a0und der abwechslungsreichste Mittagstisch! \u00a0 \u00a0 \u00a0 \u00a0 \u00a0 \u00a0 \u00a0 \u00a0 \u00a0 \u00a0 \u00a0 \u00a0 \u00a0 \u00a0 \u00a0 \u00a0 \u00a0 \u00a0 \u00a0 \u00a0 \u00a0 \u00a0 \u00a0 \u00a0 \u00a0 \u00a0 \u00a0 \u00a0 \u00a0 \u00a0 \u00a0 \u00a0 \u00a0 \u00a0 \u00a0 \u00a0 \u00a0 \u00a0 \u00a0 \u00a0 \u00a0 \u00a0 \u00a0 \u00a0 \u00a0 \u00a0 \u00a0 \u00a0 \u00a0 \u00a0 \u00a0 \u00a0 \u00a0 \u00a0 \u00a0 \u00a0 \u00a0 \u00a0 \u00a0 \u00a0 \u00a0 \u00a0 \u00a0 \u00a0 \u00a0 \u00a0 \u00a0 \u00a0 \u00a0 \u00a0 \u00a0 \u00a0 \u00a0 \u00a0 \u00a0 \u00a0 \u00a0 \u00a0 \u00a0 \u00a0 \u00a0 \u00a0 \u00a0 \u00a0 \u00a0 \u00a0 \u00a0 \u00a0 \u00a0 \u00a0 \u00a0 \u00a0 \u00a0 \u00a0 \u00a0 \u00a0 \u00a0 \u00a0 \u00a0 \u00a0 \u00a0 \u00a0 \u00a0 \u00a0 \u00a0 \u00a0 \u00a0 \u00a0 \u00a0 \u00a0 \u00a0 \u00a0 \u00a0 \u00a0 \u00a0 \u00a0 \u00a0 \u00a0 \u00a0 \u00a0 \u00a0 \u00a0 <\/span><strong style=\"font-size: 16px;\">was sie daf\u00fcr ben\u00f6tigen :<\/strong><span style=\"font-size: 16px;\">\u00a0eine digitale\u00a0Spiegelreflex-oder Systemkamera, wenn vorhanden, ein Tablett, USB-Stick, Speicherkarten<\/span><\/p>\n<p><strong>der fotografische Inhalt:<\/strong><\/p>\n<div id=\"cc-m-11327385012\" class=\"j-module n j-text \">\n<p><strong>Kontraste\u00a0<\/strong>im gotischen Viertel &#8211; <strong>Portrait und Strassenszenen\u00a0<\/strong>im K\u00fcnstlerviertel Raval &#8211;\u00a0<strong>Bewegungsunsch\u00e4rfe und Lichtmessung <\/strong>im Ribera- \u00a0<strong>Licht und seine Farbigkeit <\/strong>in der\u00a0Abendstimmung am Plaza Espa\u00f1a \u00a0&#8211; <strong>Linien und Fl\u00e4chen, Spiegelungen<\/strong> am Beispiel futuristischer Architektur ( el forum) nahe des Strandes . <strong>Besichtigung aktueller Ausstellungen.\u00a0<\/strong>Wir werden\u00a0Tag f\u00fcr Tag an der eigenen Bildsprache arbeiten, indem wir versuchen, den Charme der Stadt zu erf\u00fchlen, einzutauchen und in\u00a0unseren\u00a0Bildern das zu finden, was ausserhalb des touristischen Blickes liegt&#8230;<\/p>\n<h4><strong>Preise<\/strong> Fotoworkshop \u00a0 \u00a0 \u00a0 \u00a0 \u00a0 \u00a0 \u00a0 \u00a0 \u00a0 \u00a0 \u00a0 \u00a0 \u00a0\u00a0\u00a0\u00a0\u00a0\u00a0\u00a0\u00a0\u00a0\u00a0\u00a0\u00a0\u00a0\u00a0\u00a0\u00a0\u00a0\u00a0\u00a0 560\u20ac<\/h4>\n<h4>Unterkunft \u00dcbernachtung Hotel EZ \/ DZ zw. 70 -100\u20ac<\/h4>\n<\/div>\n<p><img loading=\"lazy\" decoding=\"async\" class=\"alignleft wp-image-263\" src=\"http:\/\/gabkiess.de\/wp-content\/uploads\/2018\/07\/DSC00392-Kopie.jpg\" alt=\"\" width=\"1001\" height=\"668\" srcset=\"https:\/\/gabkiess.de\/wp-content\/uploads\/2018\/07\/DSC00392-Kopie.jpg 850w, https:\/\/gabkiess.de\/wp-content\/uploads\/2018\/07\/DSC00392-Kopie-300x200.jpg 300w, https:\/\/gabkiess.de\/wp-content\/uploads\/2018\/07\/DSC00392-Kopie-768x512.jpg 768w\" sizes=\"auto, (max-width: 1001px) 100vw, 1001px\" \/><\/p>\n","protected":false},"excerpt":{"rendered":"<p>&#8222;eine fotografische Zeitreise&#8220; Barcelona, die uralte Hafenstadt und Hauptstadt Kataloniens ist Inbegriff der spanischen Kunst, Literatur und Architektur. Sie ist eine Stadt, die von den Bergen bis zum Meer reicht, nie schl\u00e4ft und alle in ihren Bann zieht mit der blumen\u00fcbers\u00e4ten Flaniermeile Las Ramblas, den hippen Boutiquen und vor allem der architektonischen Jugendstil-Sch\u00f6nheiten. Termine 2022 [&hellip;]<\/p>\n","protected":false},"author":1,"featured_media":0,"parent":34,"menu_order":0,"comment_status":"closed","ping_status":"closed","template":"","meta":{"footnotes":""},"class_list":["post-97","page","type-page","status-publish","hentry"],"_links":{"self":[{"href":"https:\/\/gabkiess.de\/index.php?rest_route=\/wp\/v2\/pages\/97","targetHints":{"allow":["GET"]}}],"collection":[{"href":"https:\/\/gabkiess.de\/index.php?rest_route=\/wp\/v2\/pages"}],"about":[{"href":"https:\/\/gabkiess.de\/index.php?rest_route=\/wp\/v2\/types\/page"}],"author":[{"embeddable":true,"href":"https:\/\/gabkiess.de\/index.php?rest_route=\/wp\/v2\/users\/1"}],"replies":[{"embeddable":true,"href":"https:\/\/gabkiess.de\/index.php?rest_route=%2Fwp%2Fv2%2Fcomments&post=97"}],"version-history":[{"count":129,"href":"https:\/\/gabkiess.de\/index.php?rest_route=\/wp\/v2\/pages\/97\/revisions"}],"predecessor-version":[{"id":506,"href":"https:\/\/gabkiess.de\/index.php?rest_route=\/wp\/v2\/pages\/97\/revisions\/506"}],"up":[{"embeddable":true,"href":"https:\/\/gabkiess.de\/index.php?rest_route=\/wp\/v2\/pages\/34"}],"wp:attachment":[{"href":"https:\/\/gabkiess.de\/index.php?rest_route=%2Fwp%2Fv2%2Fmedia&parent=97"}],"curies":[{"name":"wp","href":"https:\/\/api.w.org\/{rel}","templated":true}]}}